{"id":7303,"date":"2024-11-07T07:41:29","date_gmt":"2024-11-07T05:41:29","guid":{"rendered":"https:\/\/www.fpe.ro\/?page_id=7303"},"modified":"2024-11-19T11:27:51","modified_gmt":"2024-11-19T09:27:51","slug":"termeni-si-conditii","status":"publish","type":"page","link":"https:\/\/www.fpe.ro\/en\/termeni-si-conditii\/","title":{"rendered":"Terms and conditions"},"content":{"rendered":"<div id=\"fws_69ebb06516c97\"  data-column-margin=\"20px\" data-midnight=\"dark\"  class=\"wpb_row vc_row-fluid vc_row vc_row-o-equal-height vc_row-flex vc_row-o-content-middle  top_margin_4pct\"  style=\"padding-top: 0px; padding-bottom: 0px; \"><div class=\"row-bg-wrap\" data-bg-animation=\"none\" data-bg-animation-delay=\"\" data-bg-overlay=\"false\"><div class=\"inner-wrap row-bg-layer\" ><div class=\"row-bg viewport-desktop\"  style=\"\"><\/div><\/div><\/div><div class=\"row_col_wrap_12 col span_12 dark left\">\n\t<div  class=\"vc_col-sm-12 wpb_column column_container vc_column_container col no-extra-padding inherit_tablet inherit_phone\"  data-padding-pos=\"all\" data-has-bg-color=\"false\" data-bg-color=\"\" data-bg-opacity=\"1\" data-animation=\"\" data-delay=\"0\" >\n\t\t<div class=\"vc_column-inner\" >\n\t\t\t<div class=\"wpb_wrapper\">\n\t\t\t\t\n<div class=\"wpb_text_column wpb_content_element\" >\n\t<div class=\"wpb_wrapper\">\n\t\t<p>By using this website you agree to the terms and conditions below. We recommend that you read them carefully. Federa\u021bia Patronal\u0103 a Energiei reserves the right to change these provisions without further notice. The latest version can be accessed on this page.<\/p>\n<p>Your access to\/visitation of this website is subject to the Terms and Conditions of Use and implies your explicit acceptance of them and represents the agreement between the parties.<\/p>\n<p>The relationship between the parties is governed by the following normative acts:<\/p>\n<ul>\n<li>OG no. 21\/1992 on consumer protection<\/li>\n<li>GEO 34\/2014 on consumer rights in contracts concluded with professionals<\/li>\n<li>Law No 363\/2007 on combating unfair business-to-consumer practices and harmonizing regulations with European consumer protection legislation<\/li>\n<li>Law 365\/2002 on e-commerce<\/li>\n<\/ul>\n<p>Federa\u021bia Patronal\u0103 a Energiei grants the user limited access, for personal interest (information), to the website https:\/\/www.fpe.ro and does not grant the user the right to download or modify the website in whole or in part, to reproduce the website in whole or in part, to copy, sell\/re resell or exploit the website in any other manner, for commercial purposes or without its prior written consent.<\/p>\n<p>The entire content of the https:\/\/www.fpe.ro website - images, text, graphics, symbols, web graphics, emails, scripts, programs and other data - is the property of Federa\u021bia Patronal\u0103 a Energiei and its suppliers and is protected by the Copyright Protection Act (Law no. 8\/1996) and by the laws on intellectual and industrial property. The use without the consent of Federa\u021bia Patronal\u0103 a Energiei of any of the elements listed above is punishable according to the legislation in force.<\/p>\n<p>The domain https:\/\/www.fpe.ro is owned by Federa\u021bia Patronal\u0103 a Energiei. Use of this trademark, domain or trade names, logos and emblems, in direct or \"hidden\" form (such as, but not limited to, meta tags or other indexing techniques, web search) without prior written permission is prohibited and punishable by law.<\/p>\n<p>The information presented on https:\/\/www.fpe.ro belongs to Federa\u021bia Patronal\u0103 a Energiei and is for informational, not commercial purposes.<\/p>\n\t<\/div>\n<\/div>\n\n\n\n\n\t\t\t<\/div> \n\t\t<\/div>\n\t<\/div> \n<\/div><\/div>","protected":false},"excerpt":{"rendered":"Folosirea acestui site implic\u0103 acceptarea termenilor \u0219i condi\u021biilor de mai jos. Recomand\u0103m citirea cu aten\u021bie a acestora. Federa\u021bia Patronal\u0103 a Energiei \u00ee\u0219i asum\u0103 dreptul de a modifica aceste prevederi f\u0103r\u0103 o alt\u0103 notificare. Cea mai recent\u0103 versiune poate fi accesat\u0103...","protected":false},"author":2,"featured_media":0,"parent":0,"menu_order":0,"comment_status":"closed","ping_status":"closed","template":"","meta":{"footnotes":""},"class_list":["post-7303","page","type-page","status-publish"],"aioseo_notices":[],"_links":{"self":[{"href":"https:\/\/www.fpe.ro\/en\/wp-json\/wp\/v2\/pages\/7303","targetHints":{"allow":["GET"]}}],"collection":[{"href":"https:\/\/www.fpe.ro\/en\/wp-json\/wp\/v2\/pages"}],"about":[{"href":"https:\/\/www.fpe.ro\/en\/wp-json\/wp\/v2\/types\/page"}],"author":[{"embeddable":true,"href":"https:\/\/www.fpe.ro\/en\/wp-json\/wp\/v2\/users\/2"}],"replies":[{"embeddable":true,"href":"https:\/\/www.fpe.ro\/en\/wp-json\/wp\/v2\/comments?post=7303"}],"version-history":[{"count":1,"href":"https:\/\/www.fpe.ro\/en\/wp-json\/wp\/v2\/pages\/7303\/revisions"}],"predecessor-version":[{"id":7304,"href":"https:\/\/www.fpe.ro\/en\/wp-json\/wp\/v2\/pages\/7303\/revisions\/7304"}],"wp:attachment":[{"href":"https:\/\/www.fpe.ro\/en\/wp-json\/wp\/v2\/media?parent=7303"}],"curies":[{"name":"wp","href":"https:\/\/api.w.org\/{rel}","templated":true}]}}